{"id":2748,"date":"2026-04-17T08:13:41","date_gmt":"2026-04-17T07:13:41","guid":{"rendered":"https:\/\/opio.ostroda.pl\/?page_id=2748"},"modified":"2026-04-17T09:32:44","modified_gmt":"2026-04-17T08:32:44","slug":"katecheza-parafialna","status":"publish","type":"page","link":"https:\/\/opio.ostroda.pl\/?page_id=2748","title":{"rendered":"Katecheza parafialna"},"content":{"rendered":"<p><img loading=\"lazy\" decoding=\"async\" class=\" wp-image-2752 aligncenter\" src=\"https:\/\/opio.ostroda.pl\/wp-content\/uploads\/2026\/04\/KatechezaParafialna-300x200.jpg\" alt=\"\" width=\"710\" height=\"473\" srcset=\"https:\/\/opio.ostroda.pl\/wp-content\/uploads\/2026\/04\/KatechezaParafialna-300x200.jpg 300w, https:\/\/opio.ostroda.pl\/wp-content\/uploads\/2026\/04\/KatechezaParafialna-1024x683.jpg 1024w, https:\/\/opio.ostroda.pl\/wp-content\/uploads\/2026\/04\/KatechezaParafialna-768x512.jpg 768w, https:\/\/opio.ostroda.pl\/wp-content\/uploads\/2026\/04\/KatechezaParafialna.jpg 1536w\" sizes=\"auto, (max-width: 710px) 100vw, 710px\" \/><\/p>\n<p><span style=\"font-size: 14pt; font-family: 'times new roman', times, serif;\"><strong>Drodzy Rodzice, Bracia i Siostry<\/strong><\/span><\/p>\n<p><span style=\"font-size: 14pt; font-family: 'times new roman', times, serif;\">od wrze\u015bnia 2026 roku rozpoczynamy obowi\u0105zkow\u0105 katechez\u0119 parafialn\u0105 dla dzieci i m\u0142odzie\u017c z klas 1\u20138 szko\u0142y podstawowej oraz m\u0142odzie\u017cy ze szk\u00f3\u0142 ponadpodstawowych. To inicjatywa, kt\u00f3ra ma uzupe\u0142nia\u0107 lekcje religii w szkole i pom\u00f3c m\u0142odym ludziom w spokojnym, stopniowym dojrzewaniu w wierze.<\/span><\/p>\n<p><span style=\"color: #ff0000; font-size: 14pt; font-family: 'times new roman', times, serif;\"><strong>\"Episkopat Polski planuje, aby od wrze\u015bnia 2026 roku obok lekcji religii w szko\u0142ach funkcjonowa\u0142y powszechne katechezy parafialne. Maj\u0105 one na celu przygotowanie do wiary dojrza\u0142ej i s\u0105 odpowiedzi\u0105 na zmiany w systemie o\u015bwiaty\".<\/strong><\/span><\/p>\n<p><span style=\"font-size: 14pt; font-family: 'times new roman', times, serif;\"><strong>Dlaczego wprowadzamy katechez\u0119 parafialn\u0105?<\/strong><\/span><br \/>\n<span style=\"font-size: 14pt; font-family: 'times new roman', times, serif;\">Lekcje religii w szkole maj\u0105 dzi\u015b ograniczony czas i charakter bardziej edukacyjny. W parafii mo\u017cemy stworzy\u0107 przestrze\u0144 bardziej wsp\u00f3lnotow\u0105 \u2013 tak\u0105, w kt\u00f3rej jest miejsce na rozmow\u0119, pytania, modlitw\u0119, do\u015bwiadczenie wsp\u00f3lnoty oraz praktyczne prze\u017cywanie wiary. Chcemy, aby dzieci nie tylko poznawa\u0142y tre\u015bci, ale tak\u017ce uczy\u0142y si\u0119, jak \u017cy\u0107 warto\u015bciami na co dzie\u0144.<\/span><\/p>\n<p><span style=\"font-size: 14pt; font-family: 'times new roman', times, serif;\"><strong>Zale\u017cy nam na wsp\u00f3\u0142pracy z Pa\u0144stwem<\/strong><\/span><br \/>\n<span style=\"font-size: 14pt; font-family: 'times new roman', times, serif;\">Rodzice s\u0105 pierwszymi i najwa\u017cniejszymi wychowawcami w wierze. Katecheza parafialna ma Was wspiera\u0107, a nie zast\u0119powa\u0107. Dlatego planujemy:<\/span><br \/>\n<span style=\"font-size: 14pt; font-family: 'times new roman', times, serif;\">\u2022 kr\u00f3tkie spotkania informacyjne dla rodzic\u00f3w,<\/span><br \/>\n<span style=\"font-size: 14pt; font-family: 'times new roman', times, serif;\">\u2022 materia\u0142y pomagaj\u0105ce w rozmowach w domu,<\/span><br \/>\n<span style=\"font-size: 14pt; font-family: 'times new roman', times, serif;\">\u2022 zaproszenia do wsp\u00f3lnych wydarze\u0144 rodzinnych,<\/span><br \/>\n<span style=\"font-size: 14pt; font-family: 'times new roman', times, serif;\">\u2022 mo\u017cliwo\u015b\u0107 dzielenia si\u0119 pytaniami i sugestiami.<\/span><\/p>\n<p><span style=\"font-size: 14pt; font-family: 'times new roman', times, serif;\"><strong>Chcemy, aby katecheza by\u0142a dostosowana do wieku dzieci<\/strong><\/span><br \/>\n<span style=\"font-size: 14pt; font-family: 'times new roman', times, serif;\">\u2022 klasy 1\u20133 \u2013 wprowadzenie w modlitw\u0119 i podstawy wiary poprzez proste formy i aktywno\u015bci - ka\u017cda niedziela 10 min katechezy oraz wsp\u00f3lna Eucharystia (obecno\u015b\u0107 obowi\u0105zkowa)<\/span><br \/>\n<span style=\"font-size: 14pt; font-family: 'times new roman', times, serif;\">\u2022 klasy 4\u20136 \u2013 pog\u0142\u0119bianie relacji z Bogiem i wsp\u00f3lnot\u0105 (dwie katechezy w miesi\u0105cu oraz obecno\u015b\u0107 obowi\u0105zkowa na Niedzielnej Eucharystii o godz. 12:30)<\/span><br \/>\n<span style=\"font-size: 14pt; font-family: 'times new roman', times, serif;\">\u2022 klasy 7\u20138 \u2013 rozmowy o wyborach, warto\u015bciach i dojrzewaniu w wierze (dwie katechezy w miesi\u0105cu oraz obecno\u015b\u0107 obowi\u0105zkowa na Niedzielnej Eucharystii o godz. 18:00,<\/span><br \/>\n<span style=\"font-size: 14pt; font-family: 'times new roman', times, serif;\">\u2022 m\u0142odzie\u017c ze szk\u00f3\u0142 ponadpodstawowych po Bierzmowaniu - odnalezienie swojego miejsca we wsp\u00f3lnocie - po ka\u017cdej Mszy \u015bwi\u0119tej niedzielnej.<\/span><br \/>\n<span style=\"font-size: 14pt; font-family: 'times new roman', times, serif;\">\u2022 doro\u015bli w II i IV niedziel\u0119 ka\u017cdego miesi\u0105ca o godz. 15:00<\/span><\/p>\n<p><span style=\"font-size: 14pt; font-family: 'times new roman', times, serif;\">Naszym celem jest stworzenie przyjaznej przestrzeni, w kt\u00f3rej dzieci i m\u0142odzie\u017c b\u0119d\u0105 mog\u0142y wzrasta\u0107 duchowo razem z r\u00f3wie\u015bnikami, a rodzice b\u0119d\u0105 realnie w\u0142\u0105czeni w ten proces<\/span><\/p>\n<p><span style=\"font-size: 14pt; font-family: 'times new roman', times, serif;\"><strong>Serdecznie zapraszamy do wsp\u00f3lnej drogi!<\/strong><\/span><\/p>\n<p style=\"text-align: center;\"><span style=\"font-size: 14pt; font-family: 'times new roman', times, serif;\">Harmonogram spotka\u0144:<\/span><\/p>\n<p><span style=\"font-size: 14pt; font-family: 'times new roman', times, serif;\">WRZESIE\u0143 2026<\/span><\/p>\n<ul>\n<li><span style=\"font-size: 14pt; font-family: 'times new roman', times, serif;\"><strong>6 wrze\u015bnia 2026 godz. 12:30 - rozpocz\u0119cie roku katechetycznego w parafii oraz rozdanie dzienniczk\u00f3w<\/strong><\/span><\/li>\n<li><span style=\"font-size: 14pt; font-family: 'times new roman', times, serif;\">1 katecheza: 10 wrze\u015bnia o godz. 19:00 - 45 min (klasy 4-8)<\/span><\/li>\n<li><span style=\"font-size: 14pt; font-family: 'times new roman', times, serif;\">2 katecheza: 24 wrze\u015bnia o godz. 19:00 - 45 min (klasy 4-8)<\/span><\/li>\n<\/ul>\n<p><span style=\"font-size: 14pt; font-family: 'times new roman', times, serif;\">PA\u0179DZIERNIK 2026<\/span><\/p>\n<ul>\n<li><span style=\"font-size: 14pt; font-family: 'times new roman', times, serif;\">3 katecheza: 8 pa\u017adziernika o godz. 19:00 - 45 min (klasy 4-8)<\/span><\/li>\n<li><span style=\"font-size: 14pt; font-family: 'times new roman', times, serif;\">4 katecheza: 22 pa\u017adziernika o godz. 19:00 - 45 min (klasy 4-8)<\/span><\/li>\n<\/ul>\n<p><span style=\"font-size: 14pt; font-family: 'times new roman', times, serif;\">LISTOPAD 2026<\/span><\/p>\n<ul>\n<li><span style=\"font-size: 14pt; font-family: 'times new roman', times, serif;\">5 katecheza: 12 listopada o godz. 19:00 - 45 min (klasy 4-8)<\/span><\/li>\n<li><span style=\"font-size: 14pt; font-family: 'times new roman', times, serif;\">6 katecheza: 26 listopada o godz. 19:00 - 45 min (klasy 4-8)<\/span><\/li>\n<\/ul>\n<p><span style=\"font-size: 14pt; font-family: 'times new roman', times, serif;\">GRUDZIE\u0143 2026 - W tym miesi\u0105cu nie ma katechez - uczestniczymy w rekolekcjach adwentowych oraz porannych roratach. Po wsp\u00f3lnej Eucharystii \u015bniadanie przygotowane przez rodzic\u00f3w oraz wsp\u00f3lne wyj\u015bcie dzieci do szko\u0142y.<\/span><\/p>\n<ul>\n<li><span style=\"font-size: 14pt; font-family: 'times new roman', times, serif;\">3 lub 4 grudnia o godz. 6:30<\/span><\/li>\n<li><span style=\"font-size: 14pt; font-family: 'times new roman', times, serif;\">10 lub 11 grudnia o godz. 6:30<\/span><\/li>\n<li><span style=\"font-size: 14pt; font-family: 'times new roman', times, serif;\">17 lub 18 grudnia o godz. 6:30<\/span><\/li>\n<li><span style=\"font-size: 14pt; font-family: 'times new roman', times, serif;\">24 grudnia o godz. 6:30 (wr\u0119czenie nagr\u00f3d dla tych, kt\u00f3rzy uczestniczyli we wszystkich spotkaniach)<\/span><\/li>\n<li><span style=\"font-size: 14pt; font-family: 'times new roman', times, serif;\"><strong>24 grudnia o godz. 22:00 - Pasterka dla Rodzin<\/strong><\/span><\/li>\n<\/ul>\n<p><span style=\"font-size: 14pt; font-family: 'times new roman', times, serif;\">STYCZE\u0143 2027 - Trwaj\u0105 wizyty duszpasterskie. Spotkania odbywaj\u0105 si\u0119 w niedziel\u0119 po Mszy \u015bw.<\/span><\/p>\n<ul>\n<li><span style=\"font-size: 14pt; font-family: 'times new roman', times, serif;\">10 stycznia 2027 godz. 12:30 (klasy 1-6)<\/span><\/li>\n<li><span style=\"font-size: 14pt; font-family: 'times new roman', times, serif;\">10 stycznia 2027 godz. 18:00 (klasy 7-8)<\/span><\/li>\n<li><span style=\"font-size: 14pt; font-family: 'times new roman', times, serif;\">24 stycznia 2027 godz. 12:30 (klasy 1-6)<\/span><\/li>\n<li><span style=\"font-size: 14pt; font-family: 'times new roman', times, serif;\">24 stycznia 2027 godz. 18:00 (klasy 7-8)<\/span><\/li>\n<\/ul>\n<p><span style=\"font-size: 14pt; font-family: 'times new roman', times, serif;\">LUTY 2027 - Zamiast katechez trwaj\u0105cych 45 minut - wsp\u00f3lne uczestnictwo w nabo\u017ce\u0144stwach Drogi Krzy\u017cowej prowadzonej przez poszczeg\u00f3lne klasy. Dzieci b\u0119d\u0105ce na feriach zimowych mog\u0105 uczestniczy\u0107 w nabo\u017ce\u0144stwa w innych parafiach, odpowiednie adnotacj\u0119 dokumentujemy w dzienniczku.<\/span><\/p>\n<ul>\n<li><span style=\"font-size: 14pt; font-family: 'times new roman', times, serif;\">10 lutego godz. 16:00 - \u015aroda Popielcowa<\/span><\/li>\n<li><span style=\"font-size: 14pt; font-family: 'times new roman', times, serif;\">12 lutego godz. 18:30 - Droga Krzy\u017cowa<\/span><\/li>\n<li><span style=\"font-size: 14pt; font-family: 'times new roman', times, serif;\">19 lutego godz. 18:30 - Droga Krzy\u017cowa<\/span><\/li>\n<li><span style=\"font-size: 14pt; font-family: 'times new roman', times, serif;\">26 lutego godz. 18:30 - Droga Krzy\u017cowa<\/span><\/li>\n<\/ul>\n<p><span style=\"font-size: 14pt; font-family: 'times new roman', times, serif;\">MARZEC 2027 - Zamiast katechez trwaj\u0105cych 45 minut - wsp\u00f3lne uczestnictwo w nabo\u017ce\u0144stwach Drogi Krzy\u017cowej prowadzonej przez poszczeg\u00f3lne klasy.<\/span><\/p>\n<ul>\n<li><span style=\"font-size: 14pt; font-family: 'times new roman', times, serif;\">05 marca godz. 18:30 - Droga Krzy\u017cowa<\/span><\/li>\n<li><span style=\"font-size: 14pt; font-family: 'times new roman', times, serif;\">12 marca godz. 18:30 - Droga Krzy\u017cowa<\/span><\/li>\n<li><span style=\"font-size: 14pt; font-family: 'times new roman', times, serif;\">19 marca godz. 18:30 - Droga Krzy\u017cowa<\/span><\/li>\n<li><span style=\"font-size: 14pt; font-family: 'times new roman', times, serif;\">20 marca godz. 8:00 - Obowi\u0105zkowy wyjazd do G\u0142otowa - Kalwaria Warmi\u0144ska oraz spotkanie z Misjonarzami w Pieni\u0119\u017cnie - Eucharystia, Smaczny obiad + deser, Spotkania z misjonarzem oraz wizyta w muzeum misyjnym.<\/span><\/li>\n<li><span style=\"font-size: 14pt; font-family: 'times new roman', times, serif;\">21 marca godz. 19:00 - Niedziela Palmowa - Misterium M\u0119ki Pa\u0144skiej - Pan Micha\u0142 Ko\u0142akowski<\/span><\/li>\n<li><span style=\"font-size: 14pt; font-family: 'times new roman', times, serif;\"><strong>25 marca godz. 19:00 - Wielki Czwartek (str\u00f3j galowy)<\/strong><\/span><\/li>\n<li><span style=\"font-size: 14pt; font-family: 'times new roman', times, serif;\"><strong>26 marca godz. 19:00 - Wielki Pi\u0105tek (str\u00f3j galowy)<\/strong><\/span><\/li>\n<li><span style=\"font-size: 14pt; font-family: 'times new roman', times, serif;\"><strong>27 marca godz. 19:00 - Wielka Sobota (str\u00f3j galowy)<\/strong><\/span><\/li>\n<\/ul>\n<p><span style=\"font-size: 14pt; font-family: 'times new roman', times, serif;\">MAJ 2027<\/span><\/p>\n<ul>\n<li><span style=\"font-size: 14pt; font-family: 'times new roman', times, serif;\">7 katecheza: 13 maja o godz. 19:00 - 45 min (klasy 4-8)<\/span><\/li>\n<li><span style=\"font-size: 14pt; font-family: 'times new roman', times, serif;\">8 katecheza: 27 maja o godz. 19:00 - 45 min (klasy 4-8)<\/span><\/li>\n<\/ul>\n<p><span style=\"font-size: 14pt; font-family: 'times new roman', times, serif;\">CZERWIEC 2027<\/span><\/p>\n<ul>\n<li><span style=\"font-size: 14pt; font-family: 'times new roman', times, serif;\">5 lub 12 czerwca - Rodzinny sp\u0142yw kajakowy Kruty\u0144-Rosocha zako\u0144czony wsp\u00f3lnym ogniskiem (termin zale\u017cny od pogody)<\/span><\/li>\n<li><span style=\"font-size: 14pt; font-family: 'times new roman', times, serif;\">17 czerwca egzaminy ustne z 8 katechez (osiem pyta\u0144, dziecko losuje jedno i odpowiada)<\/span><\/li>\n<li><span style=\"font-size: 14pt; font-family: 'times new roman', times, serif;\">18 i 19 czerwca egzaminy ustne poprawkowe po wieczornej Mszy \u015bw.<\/span><\/li>\n<li><span style=\"font-size: 14pt; font-family: 'times new roman', times, serif;\"><strong>20 czerwca zako\u0144czenie roku katechetycznego o godz. 12:30 i rozdanie \u015bwiadectw.<\/strong><\/span><\/li>\n<\/ul>\n<p>&nbsp;<\/p>\n<p><span style=\"font-size: 14pt; font-family: 'times new roman', times, serif;\"><strong>Dziewczynki, kt\u00f3re b\u0119d\u0105 \u015bpiewa\u0142y w zespole parafialnym oraz ch\u0142opcy s\u0142u\u017c\u0105cy przy o\u0142tarzu s\u0105 zwolnieni z egzamin\u00f3w. Zaliczenie odbywa si\u0119 poprzez fakt obecno\u015bci i zaanga\u017cowania w s\u0142u\u017cb\u0119 Panu Bogu i ludziom.<\/strong><\/span><\/p>\n<p><span style=\"font-size: 14pt; font-family: 'times new roman', times, serif;\">Poszczeg\u00f3lne \u015bwiadectwa przedstawiamy przed rozpocz\u0119ciem formacji do Sakramentu Bierzmowania w klasie 7 szko\u0142y podstawowej.<\/span><\/p>\n","protected":false},"excerpt":{"rendered":"Drodzy Rodzice, Bracia i Siostry od wrze\u015bnia 2026 roku rozpoczynamy obowi\u0105zkow\u0105 katechez\u0119 parafialn\u0105 dla dzieci i m\u0142odzie\u017c z klas 1\u20138 szko\u0142y podstawowej oraz m\u0142odzie\u017cy ze szk\u00f3\u0142 ponadpodstawowych. To inicjatywa, kt\u00f3ra ma uzupe\u0142nia\u0107 lekcje religii w szkole i pom\u00f3c m\u0142odym ludziom w spokojnym, stopniowym dojrzewaniu w wierze. \"Episkopat Polski planuje, aby od wrze\u015bnia 2026 roku obok lekcji religii w szko\u0142ach funkcjonowa\u0142y&nbsp;<a href=\"https:\/\/opio.ostroda.pl\/?page_id=2748\" class=\"read-more\">Continue Reading<\/a>","protected":false},"author":1,"featured_media":0,"parent":0,"menu_order":0,"comment_status":"closed","ping_status":"closed","template":"","meta":{"om_disable_all_campaigns":false,"_monsterinsights_skip_tracking":false,"_monsterinsights_sitenote_active":false,"_monsterinsights_sitenote_note":"","_monsterinsights_sitenote_category":0,"footnotes":""},"class_list":["post-2748","page","type-page","status-publish","hentry"],"_links":{"self":[{"href":"https:\/\/opio.ostroda.pl\/index.php?rest_route=\/wp\/v2\/pages\/2748","targetHints":{"allow":["GET"]}}],"collection":[{"href":"https:\/\/opio.ostroda.pl\/index.php?rest_route=\/wp\/v2\/pages"}],"about":[{"href":"https:\/\/opio.ostroda.pl\/index.php?rest_route=\/wp\/v2\/types\/page"}],"author":[{"embeddable":true,"href":"https:\/\/opio.ostroda.pl\/index.php?rest_route=\/wp\/v2\/users\/1"}],"replies":[{"embeddable":true,"href":"https:\/\/opio.ostroda.pl\/index.php?rest_route=%2Fwp%2Fv2%2Fcomments&post=2748"}],"version-history":[{"count":10,"href":"https:\/\/opio.ostroda.pl\/index.php?rest_route=\/wp\/v2\/pages\/2748\/revisions"}],"predecessor-version":[{"id":2761,"href":"https:\/\/opio.ostroda.pl\/index.php?rest_route=\/wp\/v2\/pages\/2748\/revisions\/2761"}],"wp:attachment":[{"href":"https:\/\/opio.ostroda.pl\/index.php?rest_route=%2Fwp%2Fv2%2Fmedia&parent=2748"}],"curies":[{"name":"wp","href":"https:\/\/api.w.org\/{rel}","templated":true}]}}